{"id":7,"date":"2009-01-26T14:09:48","date_gmt":"2009-01-26T13:09:48","guid":{"rendered":"http:\/\/facharbeit.m-h-h.com\/?page_id=7"},"modified":"2025-07-12T16:57:12","modified_gmt":"2025-07-12T15:57:12","slug":"autor","status":"publish","type":"page","link":"https:\/\/facharbeit.martinhetterich.de\/?page_id=7","title":{"rendered":"Autor"},"content":{"rendered":"<p style=\"text-align: justify;\">Ich bin geb\u00fcrtiger Heidenfelder, Jahrgang 1982. Nach dem Abitur am Celtis-Gymnasium in Schweinfurt absolvierte ich in Erlangen ein Studium der Politikwissenschaft mit Wahlpflichtfach Neuere und Neueste Geschichte.<\/p>\n<p style=\"text-align: justify;\">Mehr Informationen, sowie die M\u00f6glichkeit, mich direkt zu kontaktieren finden Sie auf meiner privaten Internetseite: <a title=\"Martin H. Hetterich - Diplom-Politologe\" href=\"http:\/\/www.m-h-h.com\" target=\"_blank\" rel=\"noopener\">m-h-h.com<\/a><\/p>\n<p style=\"text-align: justify;\">Als Quellen f\u00fcr die dieser Internetseite zu Grunde liegenden Arbeit wurden die erw\u00e4hnten Gespr\u00e4che mit den Zeitzeugen, das Archiv der Gro\u00dfgemeinde R\u00f6thlein sowie das Buch von Johannes Zimmermann &#8222;Heidenfeld &#8211; Pfarrei und Dorf. 1141-1991&#8220; (Pfarramt Heidenfeld 1995) verwendet. Detaillierte Quellenangaben sind beim Autor einsehbar.<\/p>\n<p style=\"text-align: justify;\">Bitte beachten Sie, dass ich trotz sorgf\u00e4ltiger inhaltlicher Kontrolle keine Haftung f\u00fcr die Inhalte externer Links \u00fcbernehme. F\u00fcr den Inhalt der verlinkten Seiten sind ausschlie\u00dflich deren Betreiber verantwortlich.<\/p>\n","protected":false},"excerpt":{"rendered":"<p>Ich bin geb\u00fcrtiger Heidenfelder, Jahrgang 1982. Nach dem Abitur am Celtis-Gymnasium in Schweinfurt absolvierte ich in Erlangen ein Studium der Politikwissenschaft mit Wahlpflichtfach Neuere und Neueste Geschichte. Mehr Informationen, sowie die M\u00f6glichkeit, mich direkt zu kontaktieren finden Sie auf meiner privaten Internetseite: m-h-h.com Als Quellen f\u00fcr die dieser Internetseite zu Grunde liegenden Arbeit wurden die [&hellip;]<\/p>\n","protected":false},"author":2,"featured_media":0,"parent":0,"menu_order":7,"comment_status":"open","ping_status":"closed","template":"","meta":{"footnotes":""},"class_list":["post-7","page","type-page","status-publish","hentry"],"_links":{"self":[{"href":"https:\/\/facharbeit.martinhetterich.de\/index.php?rest_route=\/wp\/v2\/pages\/7","targetHints":{"allow":["GET"]}}],"collection":[{"href":"https:\/\/facharbeit.martinhetterich.de\/index.php?rest_route=\/wp\/v2\/pages"}],"about":[{"href":"https:\/\/facharbeit.martinhetterich.de\/index.php?rest_route=\/wp\/v2\/types\/page"}],"author":[{"embeddable":true,"href":"https:\/\/facharbeit.martinhetterich.de\/index.php?rest_route=\/wp\/v2\/users\/2"}],"replies":[{"embeddable":true,"href":"https:\/\/facharbeit.martinhetterich.de\/index.php?rest_route=%2Fwp%2Fv2%2Fcomments&post=7"}],"version-history":[{"count":14,"href":"https:\/\/facharbeit.martinhetterich.de\/index.php?rest_route=\/wp\/v2\/pages\/7\/revisions"}],"predecessor-version":[{"id":142,"href":"https:\/\/facharbeit.martinhetterich.de\/index.php?rest_route=\/wp\/v2\/pages\/7\/revisions\/142"}],"wp:attachment":[{"href":"https:\/\/facharbeit.martinhetterich.de\/index.php?rest_route=%2Fwp%2Fv2%2Fmedia&parent=7"}],"curies":[{"name":"wp","href":"https:\/\/api.w.org\/{rel}","templated":true}]}}