{"id":36,"date":"2009-01-27T09:24:30","date_gmt":"2009-01-27T08:24:30","guid":{"rendered":"http:\/\/facharbeit.m-h-h.com\/?page_id=36"},"modified":"2025-07-12T16:55:58","modified_gmt":"2025-07-12T15:55:58","slug":"soziale-belastungen","status":"publish","type":"page","link":"https:\/\/facharbeit.martinhetterich.de\/?page_id=36","title":{"rendered":"Soziale Belastungen"},"content":{"rendered":"<p style=\"text-align: justify;\">Von den Bombenangriffen auf Heidenfeld wird im nachfolgenden Kapitel noch genauer zu lesen sein. Trotz gro\u00dfer materieller Verluste, kam bei diesen Luftangriffen aber nur eine Person ums Leben: Max Stecher wurde von Tieffliegern auf seinem Fuhrwerk erschossen.<\/p>\n<p style=\"text-align: justify;\">Anders war die Lage leider bei den Mitgliedern der Wehrmacht. Viele Heidenfelder waren zum Kriegsdienst eingezogen und nicht wenige davon verloren ihr Leben. 36 Soldaten wurden als gefallen gemeldet und 14 Personen als vermisst.<br \/>\nHinzu kam noch, dass eine noch gr\u00f6\u00dfere Anzahl Soldaten in Kriegsgefangenschaft genommen wurde. Am 10. Dezember 1945, also \u00fcber ein halbes Jahr nach Kriegsende, wurden noch 63 von ihnen aus der Kriegsgefangenschaft zur\u00fcck erwartet.<\/p>\n<p style=\"text-align: justify;\"><strong>Das Vereinsleben kommt zum Erliegen<\/strong><\/p>\n<p style=\"text-align: justify;\">Als durch das NS-Regime Deutschland gleichgeschaltet wurde, kam es nicht nur zu Parteiverboten, auch andere Organisationen wurden aufgel\u00f6st und im nationalsozialistischen Sinn neu gegr\u00fcndet.<\/p>\n<p style=\"text-align: justify;\">In Heidenfeld waren hiervon vor allem die Jugendverb\u00e4nde betroffen. So wurden die beiden geschlechtsspezifischen Verb\u00e4nde, also der M\u00e4dchenverein und das Jungvolk, aufgel\u00f6st und gingen bereits 1933 in den Bund Deutscher M\u00e4dchen und in die Hitlerjugend \u00fcber.<\/p>\n<p style=\"text-align: justify;\">Aber auch die 1923 ins Leben gerufene DJK (Deutsche Jugend Kraft) bekam die Auswirkungen des Nationalsozialismus zu sp\u00fcren. Da die DJK ein katholischer Sportverein war, musste sie in TSV (Turn- und Sportverein) umbenannt werden.<\/p>\n<p style=\"text-align: justify;\">Direkten Einfluss auf das Leben in den Vereinen nahm der Krieg. Da viele aktive Vereinsmitglieder zum Kriegsdienst eingezogen waren war ein normales Vereinsleben kaum mehr m\u00f6glich. Vor allem der Sportverein und der Gesangverein bekamen dies zu sp\u00fcren: Sie stellten Ihren Betrieb zeitweise g\u00e4nzlich ein.<\/p>\n","protected":false},"excerpt":{"rendered":"<p>Von den Bombenangriffen auf Heidenfeld wird im nachfolgenden Kapitel noch genauer zu lesen sein. Trotz gro\u00dfer materieller Verluste, kam bei diesen Luftangriffen aber nur eine Person ums Leben: Max Stecher wurde von Tieffliegern auf seinem Fuhrwerk erschossen. Anders war die Lage leider bei den Mitgliedern der Wehrmacht. Viele Heidenfelder waren zum Kriegsdienst eingezogen und nicht [&hellip;]<\/p>\n","protected":false},"author":2,"featured_media":0,"parent":17,"menu_order":2,"comment_status":"closed","ping_status":"closed","template":"","meta":{"footnotes":""},"class_list":["post-36","page","type-page","status-publish","hentry"],"_links":{"self":[{"href":"https:\/\/facharbeit.martinhetterich.de\/index.php?rest_route=\/wp\/v2\/pages\/36","targetHints":{"allow":["GET"]}}],"collection":[{"href":"https:\/\/facharbeit.martinhetterich.de\/index.php?rest_route=\/wp\/v2\/pages"}],"about":[{"href":"https:\/\/facharbeit.martinhetterich.de\/index.php?rest_route=\/wp\/v2\/types\/page"}],"author":[{"embeddable":true,"href":"https:\/\/facharbeit.martinhetterich.de\/index.php?rest_route=\/wp\/v2\/users\/2"}],"replies":[{"embeddable":true,"href":"https:\/\/facharbeit.martinhetterich.de\/index.php?rest_route=%2Fwp%2Fv2%2Fcomments&post=36"}],"version-history":[{"count":9,"href":"https:\/\/facharbeit.martinhetterich.de\/index.php?rest_route=\/wp\/v2\/pages\/36\/revisions"}],"predecessor-version":[{"id":140,"href":"https:\/\/facharbeit.martinhetterich.de\/index.php?rest_route=\/wp\/v2\/pages\/36\/revisions\/140"}],"up":[{"embeddable":true,"href":"https:\/\/facharbeit.martinhetterich.de\/index.php?rest_route=\/wp\/v2\/pages\/17"}],"wp:attachment":[{"href":"https:\/\/facharbeit.martinhetterich.de\/index.php?rest_route=%2Fwp%2Fv2%2Fmedia&parent=36"}],"curies":[{"name":"wp","href":"https:\/\/api.w.org\/{rel}","templated":true}]}}