{"id":3,"date":"2009-01-26T13:45:28","date_gmt":"2009-01-26T12:45:28","guid":{"rendered":"http:\/\/facharbeit.m-h-h.com\/?page_id=3"},"modified":"2010-03-20T18:06:49","modified_gmt":"2010-03-20T17:06:49","slug":"vorwort","status":"publish","type":"page","link":"https:\/\/facharbeit.martinhetterich.de\/","title":{"rendered":"Vorwort"},"content":{"rendered":"<p style=\"text-align: justify;\"><strong>Herzlich Willkommen und vielen Dank f\u00fcr Ihr Interesse an der Heidenfelder Geschichte,<\/strong><\/p>\n<p style=\"text-align: justify;\">was Sie auf dieser Seite finden, ist eine Aufarbeitung der Heidenfelder Geschichte im Zusammenhang mit dem 2. Weltkrieg und dem NS-Regime. Diese Aufarbeitung basiert auf meiner Facharbeit &#8222;Die Auswirkungen des Zweiten Weltkrieges auf Heidenfeld. Zerst\u00f6rung und Wiederaufbau&#8220; aus dem Jahr 2002.<\/p>\n<p style=\"text-align: justify;\">Im Rahmen meiner Facharbeit gew\u00e4hrte mir \u00a0damals die Gemeinde R\u00f6thlein gro\u00dfz\u00fcgigen Zutritt zum Gemeindearchiv, sodass ich mich intensiv mit der Vergangenheit meines Heimatortes auseinandersetzen konnte. Als zweite wichtige St\u00fctze meiner Recherche verwendete ich Interviews mit vier Zeitzeugen der Jahrg\u00e4nge 1910-1931.<\/p>\n<blockquote style=\"text-align: justify;\"><p>Erz\u00e4hlungen \u00fcber die Heidenfelder Geschichte haben mich schon immer interessiert.<\/p><\/blockquote>\n<p style=\"text-align: justify;\">Das war der Einleitungssatz meiner Facharbeit. Ich hoffe, mit dieser Seite auch bei Ihnen dieses Interesse wecken zu k\u00f6nnen bzw. Erinnerungen zu wecken. Falls Sie zu einem kompletteren Bild Heidenfelds in dieser Zeit beitragen m\u00f6chten, freue ich mich nat\u00fcrlich \u00fcber Ihre Anmerkungen und Kommentare.<\/p>\n<p style=\"text-align: justify;\">Martin H. Hetterich<\/p>\n","protected":false},"excerpt":{"rendered":"<p>Herzlich Willkommen und vielen Dank f\u00fcr Ihr Interesse an der Heidenfelder Geschichte, was Sie auf dieser Seite finden, ist eine Aufarbeitung der Heidenfelder Geschichte im Zusammenhang mit dem 2. Weltkrieg und dem NS-Regime. Diese Aufarbeitung basiert auf meiner Facharbeit &#8222;Die Auswirkungen des Zweiten Weltkrieges auf Heidenfeld. Zerst\u00f6rung und Wiederaufbau&#8220; aus dem Jahr 2002. Im Rahmen [&hellip;]<\/p>\n","protected":false},"author":2,"featured_media":0,"parent":0,"menu_order":1,"comment_status":"closed","ping_status":"open","template":"","meta":{"footnotes":""},"class_list":["post-3","page","type-page","status-publish","hentry"],"_links":{"self":[{"href":"https:\/\/facharbeit.martinhetterich.de\/index.php?rest_route=\/wp\/v2\/pages\/3","targetHints":{"allow":["GET"]}}],"collection":[{"href":"https:\/\/facharbeit.martinhetterich.de\/index.php?rest_route=\/wp\/v2\/pages"}],"about":[{"href":"https:\/\/facharbeit.martinhetterich.de\/index.php?rest_route=\/wp\/v2\/types\/page"}],"author":[{"embeddable":true,"href":"https:\/\/facharbeit.martinhetterich.de\/index.php?rest_route=\/wp\/v2\/users\/2"}],"replies":[{"embeddable":true,"href":"https:\/\/facharbeit.martinhetterich.de\/index.php?rest_route=%2Fwp%2Fv2%2Fcomments&post=3"}],"version-history":[{"count":8,"href":"https:\/\/facharbeit.martinhetterich.de\/index.php?rest_route=\/wp\/v2\/pages\/3\/revisions"}],"predecessor-version":[{"id":13,"href":"https:\/\/facharbeit.martinhetterich.de\/index.php?rest_route=\/wp\/v2\/pages\/3\/revisions\/13"}],"wp:attachment":[{"href":"https:\/\/facharbeit.martinhetterich.de\/index.php?rest_route=%2Fwp%2Fv2%2Fmedia&parent=3"}],"curies":[{"name":"wp","href":"https:\/\/api.w.org\/{rel}","templated":true}]}}